{"id":111,"date":"2015-12-14T13:07:36","date_gmt":"2015-12-14T13:07:36","guid":{"rendered":"http:\/\/dietetforme.fr\/?page_id=111"},"modified":"2019-02-22T10:04:26","modified_gmt":"2019-02-22T10:04:26","slug":"defi-10-semaines","status":"publish","type":"page","link":"https:\/\/dietetforme.fr\/blog\/defi-10-semaines\/","title":{"rendered":"D\u00c9FI 10 SEMAINES"},"content":{"rendered":"<div style=\"text-align: center;\">Bonjour \u00e0 toutes et \u00e0 tous !<\/div>\n<div style=\"text-align: center;\"><\/div>\n<div style=\"text-align: center;\">Si vous prenez enfin un peu de temps pour votre sant\u00e9 et votre corps !?<\/div>\n<div style=\"text-align: center;\">J\u2019ai ce qu\u2019il vous faut ! En partenariat avec un coach sportif nous avons mis en place\u00a0<b><u>D\u00c9FI\u00a010 SEMAINES<\/u><\/b> , 10 semaines de programme sportif personnalis\u00e9 et 10 semaines de menus personnalis\u00e9s !<\/div>\n<div style=\"text-align: center;\"><\/div>\n<div style=\"text-align: center;\">Le duo parfait pour une perte de poids et une remise en forme !<\/div>\n<div style=\"text-align: center;\"><\/div>\n<div>\n<div style=\"text-align: center;\">Au bout de 10 semaines vous aurez toutes les cartes en main, vous aurez repris une alimentation \u00e9quilibr\u00e9e et de bonnes habitudes sportives, tout \u00e7a \u00e0 votre domicile !<\/div>\n<div style=\"text-align: center;\">Une consultation di\u00e9t\u00e9tique et un coaching sportif sont compris dans le programme !<\/div>\n<div style=\"text-align: center;\">N\u2019h\u00e9sitez plus \u00e0 nous contacter pour prendre rendez vous !<\/div>\n<\/div>\n<div style=\"text-align: center;\"><a href=\"http:\/\/dietetforme.fr\/wp-content\/uploads\/2015\/12\/Affiche-De\u0301fi-10-semaines3.jpg\" rel=\"attachment wp-att-108\"><\/a><a href=\"http:\/\/dietetforme.fr\/wp-content\/uploads\/2017\/09\/22093359_1242039582566747_1244677581_n.jpg\"><img loading=\"lazy\" decoding=\"async\" class=\"alignnone size-medium wp-image-1003\" src=\"http:\/\/dietetforme.fr\/wp-content\/uploads\/2017\/09\/22093359_1242039582566747_1244677581_n-212x300.jpg\" alt=\"\" width=\"212\" height=\"300\" srcset=\"https:\/\/dietetforme.fr\/blog\/wp-content\/uploads\/2017\/09\/22093359_1242039582566747_1244677581_n-212x300.jpg 212w, https:\/\/dietetforme.fr\/blog\/wp-content\/uploads\/2017\/09\/22093359_1242039582566747_1244677581_n.jpg 678w\" sizes=\"(max-width: 212px) 100vw, 212px\" \/><\/a><\/div>\n","protected":false},"excerpt":{"rendered":"<p>Bonjour \u00e0 toutes et \u00e0 tous ! Si vous prenez enfin un peu de temps pour votre sant\u00e9 et votre corps !? J\u2019ai ce qu\u2019il vous faut ! En partenariat avec un coach sportif nous avons mis en place\u00a0D\u00c9FI\u00a010 SEMAINES , 10 semaines de programme sportif personnalis\u00e9 et 10 semaines de menus personnalis\u00e9s ! Le duo parfait pour une perte de poids et une remise en forme ! Au bout de 10 semaines vous aurez toutes les cartes en main, vous aurez repris une alimentation \u00e9quilibr\u00e9e et de bonnes habitudes sportives, tout \u00e7a \u00e0 votre domicile ! Une consultation di\u00e9t\u00e9tique et un coaching sportif sont compris dans le programme ! N\u2019h\u00e9sitez plus \u00e0 nous contacter pour prendre rendez vous !<\/p>\n","protected":false},"author":1,"featured_media":0,"parent":0,"menu_order":0,"comment_status":"closed","ping_status":"closed","template":"","meta":{"_mi_skip_tracking":false,"footnotes":""},"yoast_head":"<!-- This site is optimized with the Yoast SEO plugin v20.2 - https:\/\/yoast.com\/wordpress\/plugins\/seo\/ -->\n<title>D\u00c9FI 10 SEMAINES - Di\u00e8t et Forme<\/title>\n<meta name=\"robots\" content=\"index, follow, max-snippet:-1, max-image-preview:large, max-video-preview:-1\" \/>\n<link rel=\"canonical\" href=\"https:\/\/dietetforme.fr\/blog\/defi-10-semaines\/\" \/>\n<meta property=\"og:locale\" content=\"fr_FR\" \/>\n<meta property=\"og:type\" content=\"article\" \/>\n<meta property=\"og:title\" content=\"D\u00c9FI 10 SEMAINES - Di\u00e8t et Forme\" \/>\n<meta property=\"og:description\" content=\"Bonjour \u00e0 toutes et \u00e0 tous ! Si vous prenez enfin un peu de temps pour votre sant\u00e9 et votre corps !? J\u2019ai ce qu\u2019il vous faut ! En partenariat avec un coach sportif nous avons mis en place\u00a0D\u00c9FI\u00a010 SEMAINES , 10 semaines de programme sportif personnalis\u00e9 et 10 semaines de menus personnalis\u00e9s ! Le duo parfait pour une perte de poids et une remise en forme ! Au bout de 10 semaines vous aurez toutes les cartes en main, vous aurez repris une alimentation \u00e9quilibr\u00e9e et de bonnes habitudes sportives, tout \u00e7a \u00e0 votre domicile ! Une consultation di\u00e9t\u00e9tique et un coaching sportif sont compris dans le programme ! N\u2019h\u00e9sitez plus \u00e0 nous contacter pour prendre rendez vous !\" \/>\n<meta property=\"og:url\" content=\"https:\/\/dietetforme.fr\/blog\/defi-10-semaines\/\" \/>\n<meta property=\"og:site_name\" content=\"Di\u00e8t et Forme\" \/>\n<meta property=\"article:publisher\" content=\"https:\/\/www.facebook.com\/lddietetforme\/\" \/>\n<meta property=\"article:modified_time\" content=\"2019-02-22T10:04:26+00:00\" \/>\n<meta property=\"og:image\" content=\"http:\/\/dietetforme.fr\/wp-content\/uploads\/2017\/09\/22093359_1242039582566747_1244677581_n-212x300.jpg\" \/>\n<meta name=\"twitter:card\" content=\"summary_large_image\" \/>\n<meta name=\"twitter:label1\" content=\"Dur\u00e9e de lecture estim\u00e9e\" \/>\n\t<meta name=\"twitter:data1\" content=\"1 minute\" \/>\n<script type=\"application\/ld+json\" class=\"yoast-schema-graph\">{\"@context\":\"https:\/\/schema.org\",\"@graph\":[{\"@type\":\"WebPage\",\"@id\":\"https:\/\/dietetforme.fr\/blog\/defi-10-semaines\/\",\"url\":\"https:\/\/dietetforme.fr\/blog\/defi-10-semaines\/\",\"name\":\"D\u00c9FI 10 SEMAINES - Di\u00e8t et Forme\",\"isPartOf\":{\"@id\":\"https:\/\/dietetforme.fr\/blog\/#website\"},\"datePublished\":\"2015-12-14T13:07:36+00:00\",\"dateModified\":\"2019-02-22T10:04:26+00:00\",\"breadcrumb\":{\"@id\":\"https:\/\/dietetforme.fr\/blog\/defi-10-semaines\/#breadcrumb\"},\"inLanguage\":\"fr-FR\",\"potentialAction\":[{\"@type\":\"ReadAction\",\"target\":[\"https:\/\/dietetforme.fr\/blog\/defi-10-semaines\/\"]}]},{\"@type\":\"BreadcrumbList\",\"@id\":\"https:\/\/dietetforme.fr\/blog\/defi-10-semaines\/#breadcrumb\",\"itemListElement\":[{\"@type\":\"ListItem\",\"position\":1,\"name\":\"Accueil\",\"item\":\"https:\/\/dietetforme.fr\/blog\/\"},{\"@type\":\"ListItem\",\"position\":2,\"name\":\"D\u00c9FI 10 SEMAINES\"}]},{\"@type\":\"WebSite\",\"@id\":\"https:\/\/dietetforme.fr\/blog\/#website\",\"url\":\"https:\/\/dietetforme.fr\/blog\/\",\"name\":\"Di\u00e8t et Forme\",\"description\":\"Blog de recettes et astuces di\u00e9t\u00e9tiques\",\"potentialAction\":[{\"@type\":\"SearchAction\",\"target\":{\"@type\":\"EntryPoint\",\"urlTemplate\":\"https:\/\/dietetforme.fr\/blog\/?s={search_term_string}\"},\"query-input\":\"required name=search_term_string\"}],\"inLanguage\":\"fr-FR\"}]}<\/script>\n<!-- \/ Yoast SEO plugin. -->","yoast_head_json":{"title":"D\u00c9FI 10 SEMAINES - Di\u00e8t et Forme","robots":{"index":"index","follow":"follow","max-snippet":"max-snippet:-1","max-image-preview":"max-image-preview:large","max-video-preview":"max-video-preview:-1"},"canonical":"https:\/\/dietetforme.fr\/blog\/defi-10-semaines\/","og_locale":"fr_FR","og_type":"article","og_title":"D\u00c9FI 10 SEMAINES - Di\u00e8t et Forme","og_description":"Bonjour \u00e0 toutes et \u00e0 tous ! Si vous prenez enfin un peu de temps pour votre sant\u00e9 et votre corps !? J\u2019ai ce qu\u2019il vous faut ! En partenariat avec un coach sportif nous avons mis en place\u00a0D\u00c9FI\u00a010 SEMAINES , 10 semaines de programme sportif personnalis\u00e9 et 10 semaines de menus personnalis\u00e9s ! Le duo parfait pour une perte de poids et une remise en forme ! Au bout de 10 semaines vous aurez toutes les cartes en main, vous aurez repris une alimentation \u00e9quilibr\u00e9e et de bonnes habitudes sportives, tout \u00e7a \u00e0 votre domicile ! Une consultation di\u00e9t\u00e9tique et un coaching sportif sont compris dans le programme ! N\u2019h\u00e9sitez plus \u00e0 nous contacter pour prendre rendez vous !","og_url":"https:\/\/dietetforme.fr\/blog\/defi-10-semaines\/","og_site_name":"Di\u00e8t et Forme","article_publisher":"https:\/\/www.facebook.com\/lddietetforme\/","article_modified_time":"2019-02-22T10:04:26+00:00","og_image":[{"url":"http:\/\/dietetforme.fr\/wp-content\/uploads\/2017\/09\/22093359_1242039582566747_1244677581_n-212x300.jpg"}],"twitter_card":"summary_large_image","twitter_misc":{"Dur\u00e9e de lecture estim\u00e9e":"1 minute"},"schema":{"@context":"https:\/\/schema.org","@graph":[{"@type":"WebPage","@id":"https:\/\/dietetforme.fr\/blog\/defi-10-semaines\/","url":"https:\/\/dietetforme.fr\/blog\/defi-10-semaines\/","name":"D\u00c9FI 10 SEMAINES - Di\u00e8t et Forme","isPartOf":{"@id":"https:\/\/dietetforme.fr\/blog\/#website"},"datePublished":"2015-12-14T13:07:36+00:00","dateModified":"2019-02-22T10:04:26+00:00","breadcrumb":{"@id":"https:\/\/dietetforme.fr\/blog\/defi-10-semaines\/#breadcrumb"},"inLanguage":"fr-FR","potentialAction":[{"@type":"ReadAction","target":["https:\/\/dietetforme.fr\/blog\/defi-10-semaines\/"]}]},{"@type":"BreadcrumbList","@id":"https:\/\/dietetforme.fr\/blog\/defi-10-semaines\/#breadcrumb","itemListElement":[{"@type":"ListItem","position":1,"name":"Accueil","item":"https:\/\/dietetforme.fr\/blog\/"},{"@type":"ListItem","position":2,"name":"D\u00c9FI 10 SEMAINES"}]},{"@type":"WebSite","@id":"https:\/\/dietetforme.fr\/blog\/#website","url":"https:\/\/dietetforme.fr\/blog\/","name":"Di\u00e8t et Forme","description":"Blog de recettes et astuces di\u00e9t\u00e9tiques","potentialAction":[{"@type":"SearchAction","target":{"@type":"EntryPoint","urlTemplate":"https:\/\/dietetforme.fr\/blog\/?s={search_term_string}"},"query-input":"required name=search_term_string"}],"inLanguage":"fr-FR"}]}},"acf":[],"_links":{"self":[{"href":"https:\/\/dietetforme.fr\/blog\/wp-json\/wp\/v2\/pages\/111"}],"collection":[{"href":"https:\/\/dietetforme.fr\/blog\/wp-json\/wp\/v2\/pages"}],"about":[{"href":"https:\/\/dietetforme.fr\/blog\/wp-json\/wp\/v2\/types\/page"}],"author":[{"embeddable":true,"href":"https:\/\/dietetforme.fr\/blog\/wp-json\/wp\/v2\/users\/1"}],"replies":[{"embeddable":true,"href":"https:\/\/dietetforme.fr\/blog\/wp-json\/wp\/v2\/comments?post=111"}],"version-history":[{"count":4,"href":"https:\/\/dietetforme.fr\/blog\/wp-json\/wp\/v2\/pages\/111\/revisions"}],"predecessor-version":[{"id":1004,"href":"https:\/\/dietetforme.fr\/blog\/wp-json\/wp\/v2\/pages\/111\/revisions\/1004"}],"wp:attachment":[{"href":"https:\/\/dietetforme.fr\/blog\/wp-json\/wp\/v2\/media?parent=111"}],"curies":[{"name":"wp","href":"https:\/\/api.w.org\/{rel}","templated":true}]}}